{"id":9913,"date":"2019-01-16T14:06:00","date_gmt":"2019-01-16T22:06:00","guid":{"rendered":"https:\/\/www.passy-muir.com\/?page_id=9913"},"modified":"2023-04-10T11:43:41","modified_gmt":"2023-04-10T18:43:41","slug":"portuguese","status":"publish","type":"page","link":"http:\/\/142.11.238.239\/es\/portuguese\/","title":{"rendered":"Portugu\u00e9s"},"content":{"rendered":"<div class=\"slideshowContainer\"><img decoding=\"async\" alt=\"branding bar\" class=\"gradient-top\" style=\"vertical-align: bottom;\" src=\"\/wp-content\/uploads\/2017\/07\/branding_bar_top_new.jpg\"\/><\/div>\n<div class=\"l3-header-con banner\">\n<div class=\"l3-header-icon\">\n\t\t<img decoding=\"async\"  src=\"\/wp-content\/uploads\/2018\/09\/International.png\" alt=\"international\" \/>\n\t<\/div>\n<div class=\"l3-header-text\">DISTRIBUIDORES INTERNACIONAIS<\/div>\n<\/div>\n<h3><span class=\"pm_ws\">Passy Muir<\/span><sup>\u00ae<\/sup> Traqueostomia &#038; V\u00e1lvulas para Ventila\u00e7\u00e3o, Degluti\u00e7\u00e3o e Fala<\/h3>\n<div class=\"i18n_preface_portuguese i18n_preface\">\n\t<span class=\"i18n_preface_portuguese i18n_preface\"><span class=\"pm_ws\"><span class=\"pm_ws\">Passy Muir<\/span><\/span><sup>\u00ae<\/sup> Traqueostomia &#038; V\u00e1lvulas para Ventila\u00e7\u00e3o, Degluti\u00e7\u00e3o e Fala foram projetadas para eliminar a necessidade de oclus\u00e3o da c\u00e2nula de traqueostomia com o dedo do paciente, permitindo a este comunica\u00e7\u00e3o verbal. As v\u00e1lvulas <span class=\"pm_ws\"><span class=\"pm_ws\">Passy Muir<\/span><\/span><sup>\u00ae<\/sup> foram desenvolvidas para permitir que pacientes com traqueostomia e depend\u00eancia de ventila\u00e7\u00e3o falem mais normalmente. No entanto, a pesquisa validou benef\u00edcios adicionais significativos com o uso da v\u00e1lvula:<\/span>\n<\/div>\n<div class=\"\">\n<div class=\"row\">\n<div class=\"col-lg-6\">\n<ul class=\"i18n_benefits_portuguese i18n_benefits\">\n<li>Desenhada com fechamento positivo sem vazamentos<\/li>\n<li>Restaura o sistema fechado de respira\u00e7\u00e3o<\/li>\n<li>Melhora a produ\u00e7\u00e3o da fala <\/li>\n<li>Melhora a degluti\u00e7\u00e3o e pode reduzir a aspira\u00e7\u00e3o<\/li>\n<li>Facilita o manejo de secre\u00e7\u00f5es<\/li>\n<li>Facilita o desmame<\/li>\n<li>Acelera a decanula\u00e7\u00e3o<\/li>\n<li>Melhora o olfato<\/li>\n<li>Promove melhora da higiene<\/li>\n<li>Aplica\u00e7\u00e3o de ventilador<\/li>\n<\/ul>\n<h3>Mais informa\u00e7\u00f5es:<\/h3>\n<div class=\"i18n_contact-info_portuguese i18n_contact-info\">\n\t\t\t\tTelefone: +1 (949) 833-8255<br \/>\n\t\t\t\tFax: +1 (949) 833-8299<br \/>\n\t\t\t\tEmail: info@passymuir.com\n\t\t\t<\/div>\n<h3>Instru\u00e7\u00f5es Internacionais:<\/h3>\n<p>\t\t\t<a href=\"\/wp-content\/uploads\/2023\/03\/IBV-I-R0718-1.pdf#page=36\"><\/p>\n<div class=\"i18n_container\">\n<div class=\"i18n_pdf-image\">\n\t\t\t\t\t\t<img decoding=\"async\" alt=\"PDF icon\" src=\"\/wp-content\/uploads\/2018\/12\/pdf_icon-e1543962462296.png\"\/>\n\t\t\t\t\t<\/div>\n<div class=\"i18n_pdf\">\n\t\t\t\t\t\tManual Instrutivo para PMV 005, 007, 2000, 2001\n\t\t\t\t\t<\/div>\n<\/p><\/div>\n<p>\t\t\t<\/a><br \/>\n\t\t<a href=\"\/wp-content\/uploads\/2023\/03\/PMA-2000-I-R0718-1_comp_alt.pdf#page=9\"><\/p>\n<div class=\"i18n_container\">\n<div class=\"i18n_pdf-image\">\n\t\t\t\t\t\t<img decoding=\"async\" alt=\"PDF icon\" src=\"\/wp-content\/uploads\/2018\/12\/pdf_icon-e1543962462296.png\"\/>\n\t\t\t\t\t<\/div>\n<div class=\"i18n_pdf\">\n\t\t\t\t\t\tManual Instrutivo para PMA 2000\n\t\t\t\t\t<\/div>\n<\/p><\/div>\n<p>\t\t\t<\/a><br \/>\n\t\t\t<!--\n<a href=\"\/wp-content\/uploads\/2018\/11\/instruct-2020intl.pdf\">\n\t\t\t\t\n\n<div class=\"i18n_container\">\n\t\t\t\t\t\n\n<div class=\"i18n_pdf-image\">\n\t\t\t\t\t\t<img decoding=\"async\" src=\"\/wp-content\/uploads\/2018\/12\/pdf_icon-e1543962462296.png\"\/>\n\t\t\t\t\t<\/div>\n\n\n\t\t\t\t\t\n\n<div class=\"i18n_pdf\">\n\t\t\t\t\t\tManual Instrutivo para PMV 2020\n\t\t\t\t\t<\/div>\n\n\n\t\t\t\t<\/div>\n\n\n\t\t\t<\/a>\n-->\n\t\t<\/div>\n<div class=\"col-lg-6\">\n<div class=\"iframe-container\">\n\t\t\t\t<iframe loading=\"lazy\" title=\"Normal Physiology-Respiration and Swallow\" width=\"900\" height=\"506\" src=\"https:\/\/www.youtube.com\/embed\/IUvfAsBnn9g?list=PL5EC242553F765921\" frameborder=\"0\" allow=\"accelerometer; autoplay; clipboard-write; encrypted-media; gyroscope; picture-in-picture; web-share\" allowfullscreen><\/iframe>\n\t\t\t<\/div>\n<\/p><\/div>\n<\/p><\/div>\n<\/div>","protected":false},"excerpt":{"rendered":"DISTRIBUIDORES INTERNACIONAIS <span class=\"pm_ws\"><span class=\"pm_ws\">Passy Muir<\/span><\/span><sup>\u00ae<\/sup> Traqueostomia &#038; V\u00e1lvulas para Ventila\u00e7\u00e3o, Degluti\u00e7\u00e3o e Fala <span class=\"pm_ws\"><span class=\"pm_ws\">Passy Muir<\/span><\/span><sup>\u00ae<\/sup> Traqueostomia &#038; V\u00e1lvulas para Ventila\u00e7\u00e3o, Degluti\u00e7\u00e3o e Fala foram projetadas para eliminar a necessidade de oclus\u00e3o da c\u00e2nula de traqueostomia com o dedo do paciente, permitindo a este comunica\u00e7\u00e3o verbal. As v\u00e1lvulas <span class=\"pm_ws\"><span class=\"pm_ws\">Passy Muir<\/span><\/span><sup>\u00ae<\/sup> foram desenvolvidas para permitir que pacientes com [&hellip;]","protected":false},"author":6,"featured_media":0,"parent":0,"menu_order":0,"comment_status":"closed","ping_status":"closed","template":"","meta":[],"yst_prominent_words":[949,947,2663,951,1146,945,939,934,198,1144,943,937,932,1145,944,938,933,1147,946,940],"_links":{"self":[{"href":"http:\/\/142.11.238.239\/es\/wp-json\/wp\/v2\/pages\/9913"}],"collection":[{"href":"http:\/\/142.11.238.239\/es\/wp-json\/wp\/v2\/pages"}],"about":[{"href":"http:\/\/142.11.238.239\/es\/wp-json\/wp\/v2\/types\/page"}],"author":[{"embeddable":true,"href":"http:\/\/142.11.238.239\/es\/wp-json\/wp\/v2\/users\/6"}],"replies":[{"embeddable":true,"href":"http:\/\/142.11.238.239\/es\/wp-json\/wp\/v2\/comments?post=9913"}],"version-history":[{"count":15,"href":"http:\/\/142.11.238.239\/es\/wp-json\/wp\/v2\/pages\/9913\/revisions"}],"predecessor-version":[{"id":18593,"href":"http:\/\/142.11.238.239\/es\/wp-json\/wp\/v2\/pages\/9913\/revisions\/18593"}],"wp:attachment":[{"href":"http:\/\/142.11.238.239\/es\/wp-json\/wp\/v2\/media?parent=9913"}],"wp:term":[{"taxonomy":"yst_prominent_words","embeddable":true,"href":"http:\/\/142.11.238.239\/es\/wp-json\/wp\/v2\/yst_prominent_words?post=9913"}],"curies":[{"name":"wp","href":"https:\/\/api.w.org\/{rel}","templated":true}]}}